{"id":130,"date":"2019-11-20T15:32:39","date_gmt":"2019-11-20T14:32:39","guid":{"rendered":"http:\/\/johannehuysman.com\/?page_id=130"},"modified":"2023-04-06T15:10:34","modified_gmt":"2023-04-06T13:10:34","slug":"sculpture","status":"publish","type":"page","link":"https:\/\/johannehuysman.com\/index.php\/sculpture\/","title":{"rendered":"Sculptures"},"content":{"rendered":"<p>[et_pb_section fb_built=\u00a0\u00bb1&Prime; _builder_version=\u00a0\u00bb4.5.3&Prime; use_background_color_gradient=\u00a0\u00bbon\u00a0\u00bb background_color_gradient_start=\u00a0\u00bbrgba(12,12,12,0.75)\u00a0\u00bb background_color_gradient_end=\u00a0\u00bbrgba(12,12,12,0.86)\u00a0\u00bb background_color_gradient_overlays_image=\u00a0\u00bbon\u00a0\u00bb background_image=\u00a0\u00bbhttp:\/\/johannehuysman.com\/wp-content\/uploads\/2019\/11\/Face-rouge-noir-dos72Dpi.jpg\u00a0\u00bb background_position=\u00a0\u00bbbottom_left\u00a0\u00bb min_height=\u00a0\u00bb1000px\u00a0\u00bb custom_css_main_element=\u00a0\u00bbdisplay:flex;||flex-direction:column;\u00a0\u00bb][et_pb_row admin_label=\u00a0\u00bbrow\u00a0\u00bb _builder_version=\u00a0\u00bb4.5.3&Prime; background_size=\u00a0\u00bbinitial\u00a0\u00bb background_position=\u00a0\u00bbtop_left\u00a0\u00bb background_repeat=\u00a0\u00bbrepeat\u00a0\u00bb width=\u00a0\u00bb100%\u00a0\u00bb custom_margin=\u00a0\u00bb100px||||false|false\u00a0\u00bb][et_pb_column type=\u00a0\u00bb4_4&Prime; _builder_version=\u00a0\u00bb3.27.4&Prime;][et_pb_text _builder_version=\u00a0\u00bb4.5.3&Prime; text_font=\u00a0\u00bbRoboto|900|||||||\u00a0\u00bb text_text_color=\u00a0\u00bb#ffffff\u00a0\u00bb text_font_size=\u00a0\u00bb39px\u00a0\u00bb text_letter_spacing=\u00a0\u00bb12px\u00a0\u00bb custom_margin_tablet=\u00a0\u00bb\u00a0\u00bb custom_margin_phone=\u00a0\u00bb|||40px|false|false\u00a0\u00bb custom_margin_last_edited=\u00a0\u00bbon|phone\u00a0\u00bb text_font_size_tablet=\u00a0\u00bb\u00a0\u00bb text_font_size_phone=\u00a0\u00bb20px\u00a0\u00bb text_font_size_last_edited=\u00a0\u00bbon|phone\u00a0\u00bb custom_css_main_element_last_edited=\u00a0\u00bbon|phone\u00a0\u00bb custom_css_main_element_phone=\u00a0\u00bbfont-size:15px;||margin-left:40px;\u00a0\u00bb admin_label=\u00a0\u00bbTexte\u00a0\u00bb]<\/p>\n<p>SCULPTURES<\/p>\n<p>[\/et_pb_text][\/et_pb_column][\/et_pb_row][et_pb_row use_custom_gutter=\u00a0\u00bbon\u00a0\u00bb gutter_width=\u00a0\u00bb1&Prime; make_equal=\u00a0\u00bbon\u00a0\u00bb _builder_version=\u00a0\u00bb4.0.6&Prime; width=\u00a0\u00bb100%\u00a0\u00bb max_width=\u00a0\u00bb1208px\u00a0\u00bb custom_css_main_element=\u00a0\u00bbdisplay:flex  !important;||flex-direction:row !important;||align-items:center !important;||justify-content:center !important;\u00a0\u00bb custom_css_main_element_last_edited=\u00a0\u00bbon|phone\u00a0\u00bb custom_css_main_element_phone=\u00a0\u00bbdisplay:flex  !important;||flex-direction:column !important;||align-items:center !important;||justify-content:center !important;\u00a0\u00bb][et_pb_column type=\u00a0\u00bb4_4&Prime; _builder_version=\u00a0\u00bb4.0.6&Prime;][et_pb_gallery gallery_ids=\u00a0\u00bb2928,2927,2926,2925,2924,2923,2922,2921,2920,2919,2918,2917,2945,2916,2915,2941,2913,2912,2911,2910,2909,2908,2907,2906,2905,2904,2903,2902,2901,2900,2899,2898,2897,2896,2895,2894,2893,2892,2890,2940,2939,2938,2937,2936,2935,2934,2933,2932&Prime; posts_number=\u00a0\u00bb8&Prime; show_title_and_caption=\u00a0\u00bboff\u00a0\u00bb zoom_icon_color=\u00a0\u00bbrgba(198,198,198,0.67)\u00a0\u00bb hover_overlay_color=\u00a0\u00bbrgba(0,0,0,0.6)\u00a0\u00bb hover_icon=\u00a0\u00bb%%51%%\u00a0\u00bb _builder_version=\u00a0\u00bb4.5.3&Prime; width=\u00a0\u00bb51%\u00a0\u00bb module_alignment=\u00a0\u00bbcenter\u00a0\u00bb custom_margin_tablet=\u00a0\u00bb\u00a0\u00bb custom_margin_phone=\u00a0\u00bb||120px||false|false\u00a0\u00bb custom_margin_last_edited=\u00a0\u00bbon|phone\u00a0\u00bb custom_css_before=\u00a0\u00bb||\u00a0\u00bb][\/et_pb_gallery][\/et_pb_column][\/et_pb_row][et_pb_row _builder_version=\u00a0\u00bb4.0.6&Prime;][et_pb_column type=\u00a0\u00bb4_4&Prime; _builder_version=\u00a0\u00bb4.0.6&Prime;][et_pb_text _builder_version=\u00a0\u00bb4.5.3&Prime; text_font=\u00a0\u00bbRoboto||||||||\u00a0\u00bb text_text_color=\u00a0\u00bb#ffffff\u00a0\u00bb text_font_size=\u00a0\u00bb16px\u00a0\u00bb hover_enabled=\u00a0\u00bb0&Prime; custom_css_main_element=\u00a0\u00bbmargin-top:100px;\u00a0\u00bb]Chercher \u00e0 faire appara\u00eetre d&rsquo; un bloc de bois les caract\u00e9ristiques d&rsquo;un visage.<\/p>\n<p>Chercher a le prot\u00e9ger par un masque de cire. <\/p>\n<p>Ces deux phases de la cr\u00e9ation identifient le travail de sculpture de Johanne Huysman.<\/p>\n<p>Elle se limite \u00e0 une \u00e9bauche : ne pas tout d\u00e9voiler, ne pas offrir un visage en p\u00e2ture, garder une pudeur, une intimit\u00e9, laisser \u00e0 deviner et \u00e0 recevoir.<\/p>\n<p>Le bois taill\u00e9 \u00e0 la tron\u00e7onneuse est un d\u00e9grossissage, qui va jusqu&rsquo;\u00e0 un contour reconnaissable, une respiration. Les traits sont \u00e0 peine esquiss\u00e9s pour pr\u00e9server l&rsquo;\u00e9tat brut, en garder le cot\u00e9 primitif et \u00e9viter de figer l&rsquo;individu dans un seul \u00e9tat.<\/p>\n<p>Dans un deuxi\u00e8me temps, c&rsquo;est un rituel muet presque sacr\u00e9 qui se met en place avec l&rsquo;application de la cire.\u00a0<br \/>\nCette mati\u00e8re douce, d\u00e9pos\u00e9e d\u00e9licatement en couches successives, recouvre partiellement le visage, \u00e0 la fois protection et r\u00e9v\u00e9lateur de sa part intime et charnelle.<\/p>\n<p>La forme sculpt\u00e9e fait face, elle est une pr\u00e9sence immobile et silencieuse.[\/et_pb_text][\/et_pb_column][\/et_pb_row][\/et_pb_section]<\/p>\n","protected":false},"excerpt":{"rendered":"<p>[et_pb_section fb_built=\u00a0\u00bb1&Prime; _builder_version=\u00a0\u00bb4.5.3&Prime; use_background_color_gradient=\u00a0\u00bbon\u00a0\u00bb background_color_gradient_start=\u00a0\u00bbrgba(12,12,12,0.75)\u00a0\u00bb background_color_gradient_end=\u00a0\u00bbrgba(12,12,12,0.86)\u00a0\u00bb background_color_gradient_overlays_image=\u00a0\u00bbon\u00a0\u00bb background_image=\u00a0\u00bbhttp:\/\/johannehuysman.com\/wp-content\/uploads\/2019\/11\/Face-rouge-noir-dos72Dpi.jpg\u00a0\u00bb background_position=\u00a0\u00bbbottom_left\u00a0\u00bb min_height=\u00a0\u00bb1000px\u00a0\u00bb custom_css_main_element=\u00a0\u00bbdisplay:flex;||flex-direction:column;\u00a0\u00bb][et_pb_row admin_label=\u00a0\u00bbrow\u00a0\u00bb _builder_version=\u00a0\u00bb4.5.3&Prime; background_size=\u00a0\u00bbinitial\u00a0\u00bb background_position=\u00a0\u00bbtop_left\u00a0\u00bb background_repeat=\u00a0\u00bbrepeat\u00a0\u00bb width=\u00a0\u00bb100%\u00a0\u00bb custom_margin=\u00a0\u00bb100px||||false|false\u00a0\u00bb][et_pb_column type=\u00a0\u00bb4_4&Prime; _builder_version=\u00a0\u00bb3.27.4&Prime;][et_pb_text _builder_version=\u00a0\u00bb4.5.3&Prime; text_font=\u00a0\u00bbRoboto|900|||||||\u00a0\u00bb text_text_color=\u00a0\u00bb#ffffff\u00a0\u00bb text_font_size=\u00a0\u00bb39px\u00a0\u00bb text_letter_spacing=\u00a0\u00bb12px\u00a0\u00bb custom_margin_tablet=\u00a0\u00bb\u00a0\u00bb custom_margin_phone=\u00a0\u00bb|||40px|false|false\u00a0\u00bb custom_margin_last_edited=\u00a0\u00bbon|phone\u00a0\u00bb text_font_size_tablet=\u00a0\u00bb\u00a0\u00bb text_font_size_phone=\u00a0\u00bb20px\u00a0\u00bb text_font_size_last_edited=\u00a0\u00bbon|phone\u00a0\u00bb custom_css_main_element_last_edited=\u00a0\u00bbon|phone\u00a0\u00bb custom_css_main_element_phone=\u00a0\u00bbfont-size:15px;||margin-left:40px;\u00a0\u00bb admin_label=\u00a0\u00bbTexte\u00a0\u00bb] SCULPTURES [\/et_pb_text][\/et_pb_column][\/et_pb_row][et_pb_row use_custom_gutter=\u00a0\u00bbon\u00a0\u00bb gutter_width=\u00a0\u00bb1&Prime; make_equal=\u00a0\u00bbon\u00a0\u00bb _builder_version=\u00a0\u00bb4.0.6&Prime; width=\u00a0\u00bb100%\u00a0\u00bb max_width=\u00a0\u00bb1208px\u00a0\u00bb custom_css_main_element=\u00a0\u00bbdisplay:flex !important;||flex-direction:row !important;||align-items:center !important;||justify-content:center !important;\u00a0\u00bb custom_css_main_element_last_edited=\u00a0\u00bbon|phone\u00a0\u00bb custom_css_main_element_phone=\u00a0\u00bbdisplay:flex !important;||flex-direction:column !important;||align-items:center !important;||justify-content:center !important;\u00a0\u00bb][et_pb_column type=\u00a0\u00bb4_4&Prime; _builder_version=\u00a0\u00bb4.0.6&Prime;][et_pb_gallery [&hellip;]<\/p>\n","protected":false},"author":1,"featured_media":0,"parent":0,"menu_order":0,"comment_status":"closed","ping_status":"closed","template":"","meta":{"_et_pb_use_builder":"on","_et_pb_old_content":"","_et_gb_content_width":"","footnotes":""},"class_list":["post-130","page","type-page","status-publish","hentry"],"_links":{"self":[{"href":"https:\/\/johannehuysman.com\/index.php\/wp-json\/wp\/v2\/pages\/130","targetHints":{"allow":["GET"]}}],"collection":[{"href":"https:\/\/johannehuysman.com\/index.php\/wp-json\/wp\/v2\/pages"}],"about":[{"href":"https:\/\/johannehuysman.com\/index.php\/wp-json\/wp\/v2\/types\/page"}],"author":[{"embeddable":true,"href":"https:\/\/johannehuysman.com\/index.php\/wp-json\/wp\/v2\/users\/1"}],"replies":[{"embeddable":true,"href":"https:\/\/johannehuysman.com\/index.php\/wp-json\/wp\/v2\/comments?post=130"}],"version-history":[{"count":70,"href":"https:\/\/johannehuysman.com\/index.php\/wp-json\/wp\/v2\/pages\/130\/revisions"}],"predecessor-version":[{"id":3330,"href":"https:\/\/johannehuysman.com\/index.php\/wp-json\/wp\/v2\/pages\/130\/revisions\/3330"}],"wp:attachment":[{"href":"https:\/\/johannehuysman.com\/index.php\/wp-json\/wp\/v2\/media?parent=130"}],"curies":[{"name":"wp","href":"https:\/\/api.w.org\/{rel}","templated":true}]}}