{"id":132,"date":"2019-11-20T15:31:55","date_gmt":"2019-11-20T14:31:55","guid":{"rendered":"http:\/\/johannehuysman.com\/?page_id=132"},"modified":"2022-11-05T12:48:55","modified_gmt":"2022-11-05T11:48:55","slug":"installations","status":"publish","type":"page","link":"https:\/\/johannehuysman.com\/index.php\/installations\/","title":{"rendered":"Installations Sir\u00e8nes"},"content":{"rendered":"<p>[et_pb_section fb_built=\u00a0\u00bb1&Prime; admin_label=\u00a0\u00bbsection\u00a0\u00bb _builder_version=\u00a0\u00bb4.0.6&Prime; use_background_color_gradient=\u00a0\u00bbon\u00a0\u00bb background_color_gradient_start=\u00a0\u00bbrgba(12,12,12,0.75)\u00a0\u00bb background_color_gradient_end=\u00a0\u00bbrgba(12,12,12,0.86)\u00a0\u00bb background_color_gradient_overlays_image=\u00a0\u00bbon\u00a0\u00bb background_image=\u00a0\u00bbhttp:\/\/johannehuysman.com\/wp-content\/uploads\/2020\/01\/Sous-marine-Majorque-III-Dpi.jpg\u00a0\u00bb background_repeat=\u00a0\u00bbrepeat\u00a0\u00bb min_height=\u00a0\u00bb1000px\u00a0\u00bb custom_css_main_element=\u00a0\u00bbdisplay:flex;||flex-direction:column;\u00a0\u00bb][et_pb_row admin_label=\u00a0\u00bbrow\u00a0\u00bb _builder_version=\u00a0\u00bb4.5.0&Prime; background_size=\u00a0\u00bbinitial\u00a0\u00bb background_position=\u00a0\u00bbtop_left\u00a0\u00bb background_repeat=\u00a0\u00bbrepeat\u00a0\u00bb][et_pb_column type=\u00a0\u00bb4_4&Prime; _builder_version=\u00a0\u00bb3.27.4&Prime;][et_pb_text _builder_version=\u00a0\u00bb4.5.3&Prime; text_font=\u00a0\u00bbRoboto|900|||||||\u00a0\u00bb text_text_color=\u00a0\u00bb#ffffff\u00a0\u00bb text_font_size=\u00a0\u00bb39px\u00a0\u00bb text_letter_spacing=\u00a0\u00bb12px\u00a0\u00bb hover_enabled=\u00a0\u00bb0&Prime; text_font_size_tablet=\u00a0\u00bb\u00a0\u00bb text_font_size_phone=\u00a0\u00bb15px\u00a0\u00bb text_font_size_last_edited=\u00a0\u00bbon|phone\u00a0\u00bb custom_css_main_element_last_edited=\u00a0\u00bbon|phone\u00a0\u00bb custom_css_main_element_phone=\u00a0\u00bbfont-size:15px !important;||margin-left:40px !important;\u00a0\u00bb]<\/p>\n<p>INSTALLATIONS SIR\u00c8NES<\/p>\n<p>[\/et_pb_text][\/et_pb_column][\/et_pb_row][et_pb_row column_structure=\u00a0\u00bb1_2,1_2&Prime; use_custom_gutter=\u00a0\u00bbon\u00a0\u00bb gutter_width=\u00a0\u00bb1&Prime; make_equal=\u00a0\u00bbon\u00a0\u00bb _builder_version=\u00a0\u00bb4.0.6&Prime; width=\u00a0\u00bb100%\u00a0\u00bb max_width=\u00a0\u00bb1247px\u00a0\u00bb min_height=\u00a0\u00bb1000px\u00a0\u00bb custom_margin_tablet=\u00a0\u00bb\u00a0\u00bb custom_margin_phone=\u00a0\u00bb|||40px|false|false\u00a0\u00bb custom_margin_last_edited=\u00a0\u00bbon|phone\u00a0\u00bb custom_css_main_element=\u00a0\u00bbdisplay:flex;||flex-direction:column;||justify-content:center;||align-items:center;\u00a0\u00bb][et_pb_column type=\u00a0\u00bb1_2&Prime; _builder_version=\u00a0\u00bb3.27.4&Prime;][et_pb_gallery gallery_ids=\u00a0\u00bb1915,1138,1140,478,433,1125,432,431,1121,1115,1126,1087,1128,1916,1147,1095,1118,1101,1099,1103&Prime; posts_number=\u00a0\u00bb8&Prime; show_title_and_caption=\u00a0\u00bboff\u00a0\u00bb show_pagination=\u00a0\u00bboff\u00a0\u00bb zoom_icon_color=\u00a0\u00bb#7f7f7f\u00a0\u00bb hover_overlay_color=\u00a0\u00bbrgba(0,0,0,0.65)\u00a0\u00bb hover_icon=\u00a0\u00bb%%51%%\u00a0\u00bb _builder_version=\u00a0\u00bb4.5.3&Prime; width=\u00a0\u00bb100%\u00a0\u00bb custom_padding=\u00a0\u00bb|0px||||\u00a0\u00bb border_radii_image=\u00a0\u00bboff||||\u00a0\u00bb][\/et_pb_gallery][\/et_pb_column][et_pb_column type=\u00a0\u00bb1_2&Prime; _builder_version=\u00a0\u00bb3.27.4&Prime;][et_pb_video src=\u00a0\u00bbhttp:\/\/johannehuysman.com\/wp-content\/uploads\/2020\/01\/VIDEO-du-Montage-sirenes-stOmer.mp4&Prime; use_icon_font_size=\u00a0\u00bbon\u00a0\u00bb thumbnail_overlay_color=\u00a0\u00bbrgba(0,0,0,0.6)\u00a0\u00bb _builder_version=\u00a0\u00bb4.0.6&Prime; custom_css_main_element=\u00a0\u00bbmargin-top:100px;\u00a0\u00bb][\/et_pb_video][et_pb_text _builder_version=\u00a0\u00bb4.0.6&Prime; text_font=\u00a0\u00bbRoboto||||||||\u00a0\u00bb text_text_color=\u00a0\u00bb#ffffff\u00a0\u00bb text_font_size=\u00a0\u00bb16px\u00a0\u00bb text_line_height=\u00a0\u00bb1.4em\u00a0\u00bb text_orientation=\u00a0\u00bbjustified\u00a0\u00bb width=\u00a0\u00bb100%\u00a0\u00bb custom_margin=\u00a0\u00bb||||false|false\u00a0\u00bb custom_css_main_element=\u00a0\u00bbmargin-top:100px;\u00a0\u00bb]<\/p>\n<p><span style=\"color: #ccffff;\">D\u00e9but de r\u00e9alisation 2002 &#8230;2012&#8230;<\/span><\/p>\n<p><span style=\"color: #ccffff;\">Mais qui sont-elles au fond ?<\/span><\/p>\n<p><span style=\"color: #ccffff;\">L&rsquo;artiste nous propose ici un nouveau chap\u00eetre du mythe de la sir\u00e8ne. Celle ci est au c\u0153ur d&rsquo;une anthropologie fabuleuse et magique, elle prend sa source dans les l\u00e9gendes lointaines et universelles. \u00catre hybride entre l&rsquo;homme et l&rsquo;animal, ne serait-elle pas le cha\u00eenon manquant de l&rsquo;\u00e9volution?<\/span><\/p>\n<p><span style=\"color: #ccffff;\">Les photos sont prisent en milieux naturels et donnent \u00e0 voir des images \u00ab\u00a0r\u00e9elles\u00a0\u00bb. Les travaux de Johanne Huysman nous renvoient irr\u00e9m\u00e9diablement \u00e0 notre propre regard sur notre culture et notre soci\u00e9t\u00e9, tout en interrogeant la r\u00e9alit\u00e9 de la repr\u00e9sentation photographique.<\/span><\/p>\n<p><span style=\"color: #ccffff;\">Depuis qu&rsquo;un d\u00e9barquement de sir\u00e8nes \u00e0 Zuydcoote en 2002, qu&rsquo;elle a eu la chance d&rsquo;immortaliser, ces \u00e9tranges personnes ponctuent les recherches plastiques de l&rsquo;artiste. Johanne Huysman endosse le r\u00f4le de scientifique candide et depuis de longues ann\u00e9es elle observe et analyse ces \u00e9nigmatiques \u00ab\u00a0jeunes femmes\u00a0\u00bb.<\/span><\/p>\n<p><span style=\"color: #ccffff;\">Des \u00e9tudes sur leur vie (nocturne, intime, etc&#8230;) sont pr\u00e9sent\u00e9es sous forme d&rsquo; images num\u00e9riques par des installations et d&rsquo;\u00e9ditions .\u00a0 B Warz\u00e9e<\/span><\/p>\n<p>[\/et_pb_text][\/et_pb_column][\/et_pb_row][et_pb_row _builder_version=\u00a0\u00bb4.0.6&Prime;][et_pb_column type=\u00a0\u00bb4_4&Prime; _builder_version=\u00a0\u00bb4.0.6&Prime;][\/et_pb_column][\/et_pb_row][\/et_pb_section]<\/p>\n","protected":false},"excerpt":{"rendered":"<p>[et_pb_section fb_built=\u00a0\u00bb1&Prime; admin_label=\u00a0\u00bbsection\u00a0\u00bb _builder_version=\u00a0\u00bb4.0.6&Prime; use_background_color_gradient=\u00a0\u00bbon\u00a0\u00bb background_color_gradient_start=\u00a0\u00bbrgba(12,12,12,0.75)\u00a0\u00bb background_color_gradient_end=\u00a0\u00bbrgba(12,12,12,0.86)\u00a0\u00bb background_color_gradient_overlays_image=\u00a0\u00bbon\u00a0\u00bb background_image=\u00a0\u00bbhttp:\/\/johannehuysman.com\/wp-content\/uploads\/2020\/01\/Sous-marine-Majorque-III-Dpi.jpg\u00a0\u00bb background_repeat=\u00a0\u00bbrepeat\u00a0\u00bb min_height=\u00a0\u00bb1000px\u00a0\u00bb custom_css_main_element=\u00a0\u00bbdisplay:flex;||flex-direction:column;\u00a0\u00bb][et_pb_row admin_label=\u00a0\u00bbrow\u00a0\u00bb _builder_version=\u00a0\u00bb4.5.0&Prime; background_size=\u00a0\u00bbinitial\u00a0\u00bb background_position=\u00a0\u00bbtop_left\u00a0\u00bb background_repeat=\u00a0\u00bbrepeat\u00a0\u00bb][et_pb_column type=\u00a0\u00bb4_4&Prime; _builder_version=\u00a0\u00bb3.27.4&Prime;][et_pb_text _builder_version=\u00a0\u00bb4.5.3&Prime; text_font=\u00a0\u00bbRoboto|900|||||||\u00a0\u00bb text_text_color=\u00a0\u00bb#ffffff\u00a0\u00bb text_font_size=\u00a0\u00bb39px\u00a0\u00bb text_letter_spacing=\u00a0\u00bb12px\u00a0\u00bb hover_enabled=\u00a0\u00bb0&Prime; text_font_size_tablet=\u00a0\u00bb\u00a0\u00bb text_font_size_phone=\u00a0\u00bb15px\u00a0\u00bb text_font_size_last_edited=\u00a0\u00bbon|phone\u00a0\u00bb custom_css_main_element_last_edited=\u00a0\u00bbon|phone\u00a0\u00bb custom_css_main_element_phone=\u00a0\u00bbfont-size:15px !important;||margin-left:40px !important;\u00a0\u00bb] INSTALLATIONS SIR\u00c8NES [\/et_pb_text][\/et_pb_column][\/et_pb_row][et_pb_row column_structure=\u00a0\u00bb1_2,1_2&Prime; use_custom_gutter=\u00a0\u00bbon\u00a0\u00bb gutter_width=\u00a0\u00bb1&Prime; make_equal=\u00a0\u00bbon\u00a0\u00bb _builder_version=\u00a0\u00bb4.0.6&Prime; width=\u00a0\u00bb100%\u00a0\u00bb max_width=\u00a0\u00bb1247px\u00a0\u00bb min_height=\u00a0\u00bb1000px\u00a0\u00bb custom_margin_tablet=\u00a0\u00bb\u00a0\u00bb custom_margin_phone=\u00a0\u00bb|||40px|false|false\u00a0\u00bb custom_margin_last_edited=\u00a0\u00bbon|phone\u00a0\u00bb custom_css_main_element=\u00a0\u00bbdisplay:flex;||flex-direction:column;||justify-content:center;||align-items:center;\u00a0\u00bb][et_pb_column type=\u00a0\u00bb1_2&Prime; _builder_version=\u00a0\u00bb3.27.4&Prime;][et_pb_gallery gallery_ids=\u00a0\u00bb1915,1138,1140,478,433,1125,432,431,1121,1115,1126,1087,1128,1916,1147,1095,1118,1101,1099,1103&Prime; posts_number=\u00a0\u00bb8&Prime; show_title_and_caption=\u00a0\u00bboff\u00a0\u00bb show_pagination=\u00a0\u00bboff\u00a0\u00bb zoom_icon_color=\u00a0\u00bb#7f7f7f\u00a0\u00bb hover_overlay_color=\u00a0\u00bbrgba(0,0,0,0.65)\u00a0\u00bb [&hellip;]<\/p>\n","protected":false},"author":1,"featured_media":0,"parent":0,"menu_order":0,"comment_status":"closed","ping_status":"closed","template":"","meta":{"_et_pb_use_builder":"on","_et_pb_old_content":"","_et_gb_content_width":"","footnotes":""},"class_list":["post-132","page","type-page","status-publish","hentry"],"_links":{"self":[{"href":"https:\/\/johannehuysman.com\/index.php\/wp-json\/wp\/v2\/pages\/132","targetHints":{"allow":["GET"]}}],"collection":[{"href":"https:\/\/johannehuysman.com\/index.php\/wp-json\/wp\/v2\/pages"}],"about":[{"href":"https:\/\/johannehuysman.com\/index.php\/wp-json\/wp\/v2\/types\/page"}],"author":[{"embeddable":true,"href":"https:\/\/johannehuysman.com\/index.php\/wp-json\/wp\/v2\/users\/1"}],"replies":[{"embeddable":true,"href":"https:\/\/johannehuysman.com\/index.php\/wp-json\/wp\/v2\/comments?post=132"}],"version-history":[{"count":31,"href":"https:\/\/johannehuysman.com\/index.php\/wp-json\/wp\/v2\/pages\/132\/revisions"}],"predecessor-version":[{"id":2478,"href":"https:\/\/johannehuysman.com\/index.php\/wp-json\/wp\/v2\/pages\/132\/revisions\/2478"}],"wp:attachment":[{"href":"https:\/\/johannehuysman.com\/index.php\/wp-json\/wp\/v2\/media?parent=132"}],"curies":[{"name":"wp","href":"https:\/\/api.w.org\/{rel}","templated":true}]}}