{"id":151,"date":"2019-11-21T10:50:25","date_gmt":"2019-11-21T09:50:25","guid":{"rendered":"http:\/\/johannehuysman.com\/?page_id=151"},"modified":"2025-09-17T17:48:52","modified_gmt":"2025-09-17T15:48:52","slug":"nebulosites","status":"publish","type":"page","link":"https:\/\/johannehuysman.com\/index.php\/nebulosites\/","title":{"rendered":"Paysages"},"content":{"rendered":"<p>[et_pb_section fb_built=\u00a0\u00bb1&Prime; admin_label=\u00a0\u00bbsection\u00a0\u00bb _builder_version=\u00a0\u00bb4.5.3&Prime; use_background_color_gradient=\u00a0\u00bbon\u00a0\u00bb background_color_gradient_start=\u00a0\u00bbrgba(12,12,12,0.75)\u00a0\u00bb background_color_gradient_end=\u00a0\u00bbrgba(12,12,12,0.86)\u00a0\u00bb background_color_gradient_overlays_image=\u00a0\u00bbon\u00a0\u00bb background_image=\u00a0\u00bbhttp:\/\/johannehuysman.com\/wp-content\/uploads\/2020\/03\/ste\u0301tard-e1583838086697.jpg\u00a0\u00bb min_height=\u00a0\u00bb1000px\u00a0\u00bb custom_css_main_element=\u00a0\u00bbdisplay:flex;||flex-direction:column;\u00a0\u00bb][et_pb_row admin_label=\u00a0\u00bbrow\u00a0\u00bb _builder_version=\u00a0\u00bb4.5.3&Prime; background_size=\u00a0\u00bbinitial\u00a0\u00bb background_position=\u00a0\u00bbtop_left\u00a0\u00bb background_repeat=\u00a0\u00bbrepeat\u00a0\u00bb width=\u00a0\u00bb100%\u00a0\u00bb custom_margin=\u00a0\u00bb100px||||false|false\u00a0\u00bb custom_padding=\u00a0\u00bb40px|||||\u00a0\u00bb][et_pb_column type=\u00a0\u00bb4_4&Prime; _builder_version=\u00a0\u00bb3.27.4&Prime;][et_pb_text _builder_version=\u00a0\u00bb4.5.3&Prime; text_font=\u00a0\u00bbRoboto|900|||||||\u00a0\u00bb text_text_color=\u00a0\u00bb#ffffff\u00a0\u00bb text_font_size=\u00a0\u00bb39px\u00a0\u00bb text_letter_spacing=\u00a0\u00bb12px\u00a0\u00bb]<\/p>\n<p>PAYSAGES<\/p>\n<p>[\/et_pb_text][\/et_pb_column][\/et_pb_row][et_pb_row use_custom_gutter=\u00a0\u00bbon\u00a0\u00bb gutter_width=\u00a0\u00bb1&Prime; make_equal=\u00a0\u00bbon\u00a0\u00bb _builder_version=\u00a0\u00bb4.5.3&Prime; width=\u00a0\u00bb100%\u00a0\u00bb max_width=\u00a0\u00bb1208px\u00a0\u00bb custom_margin=\u00a0\u00bb100px||||false|false\u00a0\u00bb hover_enabled=\u00a0\u00bb0&Prime; custom_css_main_element=\u00a0\u00bbdisplay:flex  !important;||flex-direction:row !important;||align-items:center !important;||justify-content:center !important;\u00a0\u00bb][et_pb_column type=\u00a0\u00bb4_4&Prime; _builder_version=\u00a0\u00bb3.27.4&Prime;][et_pb_gallery gallery_ids=\u00a0\u00bb3028,3029,3027,3026,3025,3024,3007,3021,3009,3020,3005,3018,3006,3004,3000,3017,3015,3014,2994,3022,3008,2999,3012,3003,3002,3023,3001,3016,2992,2990,2997,3013,3037,2998,2993&Prime; show_title_and_caption=\u00a0\u00bboff\u00a0\u00bb hover_icon=\u00a0\u00bb%%51%%\u00a0\u00bb admin_label=\u00a0\u00bbGalerie\u00a0\u00bb _builder_version=\u00a0\u00bb4.5.3&Prime; pagination_line_height=\u00a0\u00bb2em\u00a0\u00bb transform_scale=\u00a0\u00bb124%|124%\u00a0\u00bb width=\u00a0\u00bb70%\u00a0\u00bb max_width=\u00a0\u00bb100%\u00a0\u00bb module_alignment=\u00a0\u00bbcenter\u00a0\u00bb min_height=\u00a0\u00bb100px\u00a0\u00bb height=\u00a0\u00bb602px\u00a0\u00bb max_height=\u00a0\u00bb584px\u00a0\u00bb custom_margin=\u00a0\u00bb49px||||false|false\u00a0\u00bb custom_padding=\u00a0\u00bb4px||0px||false|false\u00a0\u00bb border_width_all_image=\u00a0\u00bb8px\u00a0\u00bb border_width_top_image=\u00a0\u00bb0px\u00a0\u00bb border_width_bottom_image=\u00a0\u00bb0px\u00a0\u00bb][\/et_pb_gallery][et_pb_text _builder_version=\u00a0\u00bb4.5.3&Prime; text_font=\u00a0\u00bbRoboto||||||||\u00a0\u00bb text_text_color=\u00a0\u00bb#fcfcfc\u00a0\u00bb text_font_size=\u00a0\u00bb16px\u00a0\u00bb custom_margin=\u00a0\u00bb-211px||||false|false\u00a0\u00bb custom_padding=\u00a0\u00bb|||1px||\u00a0\u00bb]<\/p>\n<p><span style=\"font-size: large;\">\u00a0FRAGMENTS de PAYSAGES<\/span><\/p>\n<p><span style=\"font-size: large;\">Peintures : Cire et pigments sur toile \/ ou\u00a0 bois.<\/span><\/p>\n<p><span style=\"font-size: large;\">R\u00e9alisation : 2006 jusqu&rsquo;\u00e0 aujourd&rsquo;hui<\/span><\/p>\n<p><span style=\"font-size: large;\">Mettre en lumi\u00e8re la beaut\u00e9 et la fragilit\u00e9 du monde naturel, un rappel de l&rsquo;importance de le pr\u00e9server et une invitation \u00e0 contempler. Ces paysages \u00e9voquent des r\u00e9miniscences, notamment des paysages dunaires et flamands, qui sont traduites en dynamiques essentielles. Le geste est guid\u00e9 par une pens\u00e9e intuitive, mais il requiert une ma\u00eetrise ( presque ) totale; la cire liquide impose une prise quasi imm\u00e9diate.<\/span><\/p>\n<p><span style=\"font-size: large;\">La tension entre spontan\u00e9it\u00e9 et contr\u00f4le est au c\u0153ur du processus cr\u00e9atif. cette tension est palpable elle traduit une concentration extr\u00eame et une \u00e9conomie de mouvement.\u00a0<\/span><\/p>\n<p><span style=\"font-size: large;\">Ce travail repose sur une dichotomie : d&rsquo;un cot\u00e9, la lenteur de la cire en mouvement, de l&rsquo;autre, l&rsquo;urgence d&rsquo;agir avant que la mati\u00e8re ne durcisse. Une mati\u00e8re qui devient un outil offrant des possibilit\u00e9s de repr\u00e9sentation et d&rsquo;exp\u00e9rimentation. Le fait de peindre au sol place l&rsquo;artiste dans une relation physique avec la toile. Cette approche permet d&#8217;embrasser le flux naturel, tout en orchestrant ses mouvements. La gravit\u00e9 devient \u00e9galement un partenaire artistique, le va-et-vient des vagues de cire\u00a0 liquides captent des instants de transition qui progressivement se figent. L&rsquo; immobilisation finale fige un moment pr\u00e9cis, une \u00e9motion ou une \u00e9nergie, tout en pr\u00e9servant l&rsquo;impression de mouvement.<\/span><\/p>\n<p><span style=\"font-size: large;\">Une cartographie int\u00e9rieure de paysages.<\/span><\/p>\n<p><span style=\"font-size: large;\">\u00a0<\/span><\/p>\n<p><span style=\"font-size: large;\">PAYSAGES AGIT\u00e9S<\/span><\/p>\n<p><span style=\"font-size: large;\">Photos num\u00e9riques<\/span><\/p>\n<p><span style=\"font-size: large;\">R\u00e9alisation : 2006 jusqu&rsquo;\u00e0 aujourd&rsquo;hui<\/span><\/p>\n<p><span style=\"font-size: large;\">Dans ses photographies, Johanne capte des fragments de paysages fugaces, comme des bords d&rsquo;autoroute, o\u00f9 la rapidit\u00e9 et le flou transforment la r\u00e9alit\u00e9 en abstraction. Ces images sont des instantan\u00e9s de mouvements-arbres agit\u00e9s, oscillations d&rsquo;herbes et de branches-fig\u00e9s dans un moment o\u00f9 la nature, en constante mutation, devient hypnotique.<\/span><\/p>\n<p><span style=\"font-size: large;\">Ces prises de vue, r\u00e9alis\u00e9es avec un t\u00e9l\u00e9phone portable, traduisent une volont\u00e9 d&rsquo;enregistrer ce qui dispara\u00eet, une tentative de retenir l&rsquo;\u00e9ph\u00e9m\u00e8re. En les retravaillant num\u00e9riquement, elle prolonge cette transformation\/ les calques et les d\u00e9formations virtuelles ajoutent des strates qui \u00e9voquent la texture de ses peintures \u00e0 la cire.<\/span><\/p>\n<p><span style=\"font-size: large;\">Ainsi, ses photographies ne sont pas seulement des t\u00e9moins du r\u00e9el, mais des espaces picturaux o\u00f9 le paysage, saisi dans son agitation, devient une nouvelle forme de mati\u00e8re artistique.<\/span><\/p>\n<p><span style=\"font-size: small;\">Co\u00e9crit par Christelle Gadenne et l&rsquo;IA<\/span><\/p>\n<p>&nbsp;<\/p>\n<p>[\/et_pb_text][\/et_pb_column][\/et_pb_row][et_pb_row _builder_version=\u00a0\u00bb4.0.6&Prime;][et_pb_column type=\u00a0\u00bb4_4&Prime; _builder_version=\u00a0\u00bb4.0.6&Prime;][\/et_pb_column][\/et_pb_row][\/et_pb_section]<\/p>\n","protected":false},"excerpt":{"rendered":"<p>[et_pb_section fb_built=\u00a0\u00bb1&Prime; admin_label=\u00a0\u00bbsection\u00a0\u00bb _builder_version=\u00a0\u00bb4.5.3&Prime; use_background_color_gradient=\u00a0\u00bbon\u00a0\u00bb background_color_gradient_start=\u00a0\u00bbrgba(12,12,12,0.75)\u00a0\u00bb background_color_gradient_end=\u00a0\u00bbrgba(12,12,12,0.86)\u00a0\u00bb background_color_gradient_overlays_image=\u00a0\u00bbon\u00a0\u00bb background_image=\u00a0\u00bbhttp:\/\/johannehuysman.com\/wp-content\/uploads\/2020\/03\/ste\u0301tard-e1583838086697.jpg\u00a0\u00bb min_height=\u00a0\u00bb1000px\u00a0\u00bb custom_css_main_element=\u00a0\u00bbdisplay:flex;||flex-direction:column;\u00a0\u00bb][et_pb_row admin_label=\u00a0\u00bbrow\u00a0\u00bb _builder_version=\u00a0\u00bb4.5.3&Prime; background_size=\u00a0\u00bbinitial\u00a0\u00bb background_position=\u00a0\u00bbtop_left\u00a0\u00bb background_repeat=\u00a0\u00bbrepeat\u00a0\u00bb width=\u00a0\u00bb100%\u00a0\u00bb custom_margin=\u00a0\u00bb100px||||false|false\u00a0\u00bb custom_padding=\u00a0\u00bb40px|||||\u00a0\u00bb][et_pb_column type=\u00a0\u00bb4_4&Prime; _builder_version=\u00a0\u00bb3.27.4&Prime;][et_pb_text _builder_version=\u00a0\u00bb4.5.3&Prime; text_font=\u00a0\u00bbRoboto|900|||||||\u00a0\u00bb text_text_color=\u00a0\u00bb#ffffff\u00a0\u00bb text_font_size=\u00a0\u00bb39px\u00a0\u00bb text_letter_spacing=\u00a0\u00bb12px\u00a0\u00bb] PAYSAGES [\/et_pb_text][\/et_pb_column][\/et_pb_row][et_pb_row use_custom_gutter=\u00a0\u00bbon\u00a0\u00bb gutter_width=\u00a0\u00bb1&Prime; make_equal=\u00a0\u00bbon\u00a0\u00bb _builder_version=\u00a0\u00bb4.5.3&Prime; width=\u00a0\u00bb100%\u00a0\u00bb max_width=\u00a0\u00bb1208px\u00a0\u00bb custom_margin=\u00a0\u00bb100px||||false|false\u00a0\u00bb hover_enabled=\u00a0\u00bb0&Prime; custom_css_main_element=\u00a0\u00bbdisplay:flex !important;||flex-direction:row !important;||align-items:center !important;||justify-content:center !important;\u00a0\u00bb][et_pb_column type=\u00a0\u00bb4_4&Prime; _builder_version=\u00a0\u00bb3.27.4&Prime;][et_pb_gallery gallery_ids=\u00a0\u00bb3028,3029,3027,3026,3025,3024,3007,3021,3009,3020,3005,3018,3006,3004,3000,3017,3015,3014,2994,3022,3008,2999,3012,3003,3002,3023,3001,3016,2992,2990,2997,3013,3037,2998,2993&Prime; show_title_and_caption=\u00a0\u00bboff\u00a0\u00bb hover_icon=\u00a0\u00bb%%51%%\u00a0\u00bb admin_label=\u00a0\u00bbGalerie\u00a0\u00bb _builder_version=\u00a0\u00bb4.5.3&Prime; pagination_line_height=\u00a0\u00bb2em\u00a0\u00bb transform_scale=\u00a0\u00bb124%|124%\u00a0\u00bb width=\u00a0\u00bb70%\u00a0\u00bb max_width=\u00a0\u00bb100%\u00a0\u00bb module_alignment=\u00a0\u00bbcenter\u00a0\u00bb min_height=\u00a0\u00bb100px\u00a0\u00bb height=\u00a0\u00bb602px\u00a0\u00bb [&hellip;]<\/p>\n","protected":false},"author":1,"featured_media":0,"parent":0,"menu_order":0,"comment_status":"closed","ping_status":"closed","template":"","meta":{"_et_pb_use_builder":"on","_et_pb_old_content":"<!-- wp:divi\/placeholder \/-->","_et_gb_content_width":"","footnotes":""},"class_list":["post-151","page","type-page","status-publish","hentry"],"_links":{"self":[{"href":"https:\/\/johannehuysman.com\/index.php\/wp-json\/wp\/v2\/pages\/151","targetHints":{"allow":["GET"]}}],"collection":[{"href":"https:\/\/johannehuysman.com\/index.php\/wp-json\/wp\/v2\/pages"}],"about":[{"href":"https:\/\/johannehuysman.com\/index.php\/wp-json\/wp\/v2\/types\/page"}],"author":[{"embeddable":true,"href":"https:\/\/johannehuysman.com\/index.php\/wp-json\/wp\/v2\/users\/1"}],"replies":[{"embeddable":true,"href":"https:\/\/johannehuysman.com\/index.php\/wp-json\/wp\/v2\/comments?post=151"}],"version-history":[{"count":90,"href":"https:\/\/johannehuysman.com\/index.php\/wp-json\/wp\/v2\/pages\/151\/revisions"}],"predecessor-version":[{"id":3372,"href":"https:\/\/johannehuysman.com\/index.php\/wp-json\/wp\/v2\/pages\/151\/revisions\/3372"}],"wp:attachment":[{"href":"https:\/\/johannehuysman.com\/index.php\/wp-json\/wp\/v2\/media?parent=151"}],"curies":[{"name":"wp","href":"https:\/\/api.w.org\/{rel}","templated":true}]}}