{"id":153,"date":"2019-11-21T10:50:52","date_gmt":"2019-11-21T09:50:52","guid":{"rendered":"http:\/\/johannehuysman.com\/?page_id=153"},"modified":"2022-11-21T16:50:20","modified_gmt":"2022-11-21T15:50:20","slug":"sirenes","status":"publish","type":"page","link":"https:\/\/johannehuysman.com\/index.php\/sirenes\/","title":{"rendered":"Sir\u00e8nes"},"content":{"rendered":"<p>[et_pb_section fb_built=\u00a0\u00bb1&Prime; admin_label=\u00a0\u00bbsection\u00a0\u00bb _builder_version=\u00a0\u00bb4.5.3&Prime; use_background_color_gradient=\u00a0\u00bbon\u00a0\u00bb background_color_gradient_start=\u00a0\u00bbrgba(12,12,12,0.75)\u00a0\u00bb background_color_gradient_end=\u00a0\u00bbrgba(12,12,12,0.86)\u00a0\u00bb background_color_gradient_overlays_image=\u00a0\u00bbon\u00a0\u00bb background_image=\u00a0\u00bbhttp:\/\/johannehuysman.com\/wp-content\/uploads\/2020\/01\/Sous-marine-Majorque-III-Dpi.jpg\u00a0\u00bb min_height=\u00a0\u00bb1000px\u00a0\u00bb custom_css_main_element=\u00a0\u00bbdisplay:flex;||flex-direction:column;\u00a0\u00bb collapsed=\u00a0\u00bboff\u00a0\u00bb][et_pb_row admin_label=\u00a0\u00bbrow\u00a0\u00bb _builder_version=\u00a0\u00bb4.5.3&Prime; background_size=\u00a0\u00bbinitial\u00a0\u00bb background_position=\u00a0\u00bbtop_left\u00a0\u00bb background_repeat=\u00a0\u00bbrepeat\u00a0\u00bb width=\u00a0\u00bb94%\u00a0\u00bb max_width=\u00a0\u00bb1054px\u00a0\u00bb min_height=\u00a0\u00bb100px\u00a0\u00bb height=\u00a0\u00bb100px\u00a0\u00bb custom_margin=\u00a0\u00bb50px|auto|60px|auto|false|false\u00a0\u00bb custom_padding=\u00a0\u00bb||0px|||\u00a0\u00bb][et_pb_column type=\u00a0\u00bb4_4&Prime; _builder_version=\u00a0\u00bb4.5.3&Prime;][et_pb_text _builder_version=\u00a0\u00bb4.5.3&Prime; text_font=\u00a0\u00bbRoboto|900|||||||\u00a0\u00bb text_text_color=\u00a0\u00bb#ffffff\u00a0\u00bb text_font_size=\u00a0\u00bb39px\u00a0\u00bb text_letter_spacing=\u00a0\u00bb12px\u00a0\u00bb custom_margin=\u00a0\u00bb200px||||false|false\u00a0\u00bb]<\/p>\n<p S I R \u00c8 N E S<\/p>\n<p>[\/et_pb_text][\/et_pb_column][\/et_pb_row][et_pb_row use_custom_gutter=\u00a0\u00bbon\u00a0\u00bb gutter_width=\u00a0\u00bb1&Prime; make_equal=\u00a0\u00bbon\u00a0\u00bb _builder_version=\u00a0\u00bb4.5.3&Prime; transform_scale=\u00a0\u00bb110%|110%\u00a0\u00bb width=\u00a0\u00bb100%\u00a0\u00bb max_width=\u00a0\u00bb1208px\u00a0\u00bb custom_margin=\u00a0\u00bb60px||||false|false\u00a0\u00bb custom_css_main_element=\u00a0\u00bbdisplay:flex  !important;||flex-direction:row !important;||align-items:center !important;||justify-content:center !important;\u00a0\u00bb custom_css_main_element_last_edited=\u00a0\u00bbon|phone\u00a0\u00bb custom_css_main_element_phone=\u00a0\u00bbdisplay:flex;||flex-direction:column;||justify-content:center;||align-items:center;\u00a0\u00bb][et_pb_column type=\u00a0\u00bb4_4&Prime; _builder_version=\u00a0\u00bb4.5.3&Prime;][et_pb_gallery gallery_ids=\u00a0\u00bb3104,3103,3101,3105,3100,3099,3102,3098,3097,3096,3089,3087,3086,3109,3084,3085,3088,3083,3091,3094,3095,3093,3090,3092&Prime; show_title_and_caption=\u00a0\u00bboff\u00a0\u00bb zoom_icon_color=\u00a0\u00bb#878787&Prime; hover_overlay_color=\u00a0\u00bbrgba(0,0,0,0.67)\u00a0\u00bb hover_icon=\u00a0\u00bb%%51%%\u00a0\u00bb _builder_version=\u00a0\u00bb4.5.3&Prime; width=\u00a0\u00bb100%\u00a0\u00bb max_width=\u00a0\u00bb100%\u00a0\u00bb module_alignment=\u00a0\u00bbcenter\u00a0\u00bb min_height=\u00a0\u00bb603px\u00a0\u00bb height=\u00a0\u00bb602px\u00a0\u00bb max_height=\u00a0\u00bb584px\u00a0\u00bb custom_margin=\u00a0\u00bb3px|3px|3px|3px|false|false\u00a0\u00bb custom_padding=\u00a0\u00bb0px||0px||false|false\u00a0\u00bb border_color_all=\u00a0\u00bb#000000&Prime; border_width_right=\u00a0\u00bb4px\u00a0\u00bb border_width_left=\u00a0\u00bb5px\u00a0\u00bb border_width_right_image=\u00a0\u00bb6px\u00a0\u00bb border_width_left_image=\u00a0\u00bb6px\u00a0\u00bb][\/et_pb_gallery][et_pb_text _builder_version=\u00a0\u00bb4.5.3&Prime; width=\u00a0\u00bb75%\u00a0\u00bb max_width=\u00a0\u00bb75%\u00a0\u00bb module_alignment=\u00a0\u00bbcenter\u00a0\u00bb min_height=\u00a0\u00bb1000px\u00a0\u00bb custom_margin=\u00a0\u00bb-300px||||false|false\u00a0\u00bb custom_padding=\u00a0\u00bb||||false|false\u00a0\u00bb hover_enabled=\u00a0\u00bb0&Prime;]<\/p>\n<p><span style=\"color: #ccffff;\">R\u00e9alisation 2002&#8230; 2015&#8230;\u00a0\u00a0 \u00ab\u00a0Mais qui sont-elles au fond ?\u00a0\u00bb<\/span><\/p>\n<p><span style=\"color: #ccffff;\">L&rsquo;artiste nous propose ici un nouveau ch\u00e2pitre du mythe de la sir\u00e8ne. Celle ci est au c\u0153ur d&rsquo;une anthropologie fabuleuse et magique, elle prend sa source dans les l\u00e9gendes lointaines et universelles. \u00catre hybride entre l&rsquo;homme et l&rsquo;animal, ne serait-elle pas le cha\u00eenon manquant de l&rsquo;\u00e9volution ?<\/span><\/p>\n<p><span style=\"color: #ccffff;\">Les photos sont prises en milieux naturels et donnent \u00e0 voir des images \u00ab\u00a0r\u00e9elles\u00a0\u00bb. Les travaux de Johanne Huysman nous renvoient irr\u00e9m\u00e9diablement \u00e0 notre propre soci\u00e9t\u00e9, tout en interrogeant la r\u00e9alit\u00e9 de la repr\u00e9sentation photographique. Depuis qu&rsquo;un d\u00e9barquement de sir\u00e8nes \u00e0 Zuydcoote en 2002, qu&rsquo;elle a eu la chance d&rsquo;immortaliser, ces \u00e9tranges personnes ponctuent les recherches plastiques de l&rsquo;artiste. Johanne Huysman endosse le r\u00f4le de scientifique candide et depuis de longues ann\u00e9es elle observe et analyse ces \u00e9nigmatiques \u00ab\u00a0jeunes femmes\u00a0\u00bb. Des \u00e9tudes sur leur vie nocturne et\u00a0 intime sont pr\u00e9sent\u00e9es sous forme d&rsquo;images num\u00e9riques dans des installations ou sous forme de livre.\u00a0\u00a0\u00a0<\/span><\/p>\n<p>[\/et_pb_text][et_pb_video src=\u00a0\u00bbhttp:\/\/johannehuysman.com\/wp-content\/uploads\/2022\/11\/VIDEO-du-Montage-sirenes-stOmer.mp4&Prime; _builder_version=\u00a0\u00bb4.5.3&Prime; _module_preset=\u00a0\u00bbdefault\u00a0\u00bb width=\u00a0\u00bb70%\u00a0\u00bb max_width=\u00a0\u00bb70%\u00a0\u00bb min_height=\u00a0\u00bb1000px\u00a0\u00bb custom_margin=\u00a0\u00bb-580px||||false|false\u00a0\u00bb][\/et_pb_video][\/et_pb_column][\/et_pb_row][\/et_pb_section]<\/p>\n","protected":false},"excerpt":{"rendered":"<p>[et_pb_section fb_built=\u00a0\u00bb1&Prime; admin_label=\u00a0\u00bbsection\u00a0\u00bb _builder_version=\u00a0\u00bb4.5.3&Prime; use_background_color_gradient=\u00a0\u00bbon\u00a0\u00bb background_color_gradient_start=\u00a0\u00bbrgba(12,12,12,0.75)\u00a0\u00bb background_color_gradient_end=\u00a0\u00bbrgba(12,12,12,0.86)\u00a0\u00bb background_color_gradient_overlays_image=\u00a0\u00bbon\u00a0\u00bb background_image=\u00a0\u00bbhttp:\/\/johannehuysman.com\/wp-content\/uploads\/2020\/01\/Sous-marine-Majorque-III-Dpi.jpg\u00a0\u00bb min_height=\u00a0\u00bb1000px\u00a0\u00bb custom_css_main_element=\u00a0\u00bbdisplay:flex;||flex-direction:column;\u00a0\u00bb collapsed=\u00a0\u00bboff\u00a0\u00bb][et_pb_row admin_label=\u00a0\u00bbrow\u00a0\u00bb _builder_version=\u00a0\u00bb4.5.3&Prime; background_size=\u00a0\u00bbinitial\u00a0\u00bb background_position=\u00a0\u00bbtop_left\u00a0\u00bb background_repeat=\u00a0\u00bbrepeat\u00a0\u00bb width=\u00a0\u00bb94%\u00a0\u00bb max_width=\u00a0\u00bb1054px\u00a0\u00bb min_height=\u00a0\u00bb100px\u00a0\u00bb height=\u00a0\u00bb100px\u00a0\u00bb custom_margin=\u00a0\u00bb50px|auto|60px|auto|false|false\u00a0\u00bb custom_padding=\u00a0\u00bb||0px|||\u00a0\u00bb][et_pb_column type=\u00a0\u00bb4_4&Prime; _builder_version=\u00a0\u00bb4.5.3&Prime;][et_pb_text _builder_version=\u00a0\u00bb4.5.3&Prime; text_font=\u00a0\u00bbRoboto|900|||||||\u00a0\u00bb text_text_color=\u00a0\u00bb#ffffff\u00a0\u00bb text_font_size=\u00a0\u00bb39px\u00a0\u00bb text_letter_spacing=\u00a0\u00bb12px\u00a0\u00bb custom_margin=\u00a0\u00bb200px||||false|false\u00a0\u00bb]<\/p>\n","protected":false},"author":1,"featured_media":0,"parent":0,"menu_order":0,"comment_status":"closed","ping_status":"closed","template":"","meta":{"_et_pb_use_builder":"on","_et_pb_old_content":"<!-- wp:divi\/placeholder \/-->","_et_gb_content_width":"","footnotes":""},"class_list":["post-153","page","type-page","status-publish","hentry"],"_links":{"self":[{"href":"https:\/\/johannehuysman.com\/index.php\/wp-json\/wp\/v2\/pages\/153","targetHints":{"allow":["GET"]}}],"collection":[{"href":"https:\/\/johannehuysman.com\/index.php\/wp-json\/wp\/v2\/pages"}],"about":[{"href":"https:\/\/johannehuysman.com\/index.php\/wp-json\/wp\/v2\/types\/page"}],"author":[{"embeddable":true,"href":"https:\/\/johannehuysman.com\/index.php\/wp-json\/wp\/v2\/users\/1"}],"replies":[{"embeddable":true,"href":"https:\/\/johannehuysman.com\/index.php\/wp-json\/wp\/v2\/comments?post=153"}],"version-history":[{"count":96,"href":"https:\/\/johannehuysman.com\/index.php\/wp-json\/wp\/v2\/pages\/153\/revisions"}],"predecessor-version":[{"id":3154,"href":"https:\/\/johannehuysman.com\/index.php\/wp-json\/wp\/v2\/pages\/153\/revisions\/3154"}],"wp:attachment":[{"href":"https:\/\/johannehuysman.com\/index.php\/wp-json\/wp\/v2\/media?parent=153"}],"curies":[{"name":"wp","href":"https:\/\/api.w.org\/{rel}","templated":true}]}}