{"id":155,"date":"2019-11-21T10:51:27","date_gmt":"2019-11-21T09:51:27","guid":{"rendered":"http:\/\/johannehuysman.com\/?page_id=155"},"modified":"2020-03-18T11:04:22","modified_gmt":"2020-03-18T10:04:22","slug":"les-hors-concours","status":"publish","type":"page","link":"https:\/\/johannehuysman.com\/index.php\/les-hors-concours\/","title":{"rendered":"Les Hors-Concours"},"content":{"rendered":"<p>[et_pb_section fb_built=\u00a0\u00bb1&Prime; admin_label=\u00a0\u00bbsection\u00a0\u00bb _builder_version=\u00a0\u00bb4.0.6&Prime; use_background_color_gradient=\u00a0\u00bbon\u00a0\u00bb background_color_gradient_start=\u00a0\u00bbrgba(7,2,1,0.74)\u00a0\u00bb background_color_gradient_end=\u00a0\u00bbrgba(12,1,0,0.49)\u00a0\u00bb background_color_gradient_overlays_image=\u00a0\u00bbon\u00a0\u00bb background_image=\u00a0\u00bbhttp:\/\/johannehuysman.com\/wp-content\/uploads\/2019\/11\/Fatima-72Dpi.jpg\u00a0\u00bb background_position=\u00a0\u00bbcenter_left\u00a0\u00bb width=\u00a0\u00bb100%\u00a0\u00bb max_width=\u00a0\u00bb100%\u00a0\u00bb min_height=\u00a0\u00bb1000px\u00a0\u00bb height=\u00a0\u00bb1400px\u00a0\u00bb filter_contrast=\u00a0\u00bb129%\u00a0\u00bb custom_css_main_element=\u00a0\u00bbdisplay:flex;||flex-direction:column;\u00a0\u00bb][et_pb_row admin_label=\u00a0\u00bbrow\u00a0\u00bb _builder_version=\u00a0\u00bb4.0.6&Prime; background_size=\u00a0\u00bbinitial\u00a0\u00bb background_position=\u00a0\u00bbtop_left\u00a0\u00bb background_repeat=\u00a0\u00bbrepeat\u00a0\u00bb width=\u00a0\u00bb100%\u00a0\u00bb custom_margin=\u00a0\u00bb100px||||false|false\u00a0\u00bb][et_pb_column type=\u00a0\u00bb4_4&Prime; _builder_version=\u00a0\u00bb3.27.4&Prime;][et_pb_text _builder_version=\u00a0\u00bb4.0.6&Prime; text_font=\u00a0\u00bbRoboto|900|||||||\u00a0\u00bb text_text_color=\u00a0\u00bb#ffffff\u00a0\u00bb text_font_size=\u00a0\u00bb39px\u00a0\u00bb text_letter_spacing=\u00a0\u00bb12px\u00a0\u00bb]<\/p>\n<p>LES HORS-CONCOURS<\/p>\n<p>[\/et_pb_text][\/et_pb_column][\/et_pb_row][et_pb_row use_custom_gutter=\u00a0\u00bbon\u00a0\u00bb gutter_width=\u00a0\u00bb1&Prime; make_equal=\u00a0\u00bbon\u00a0\u00bb _builder_version=\u00a0\u00bb4.0.6&Prime; width=\u00a0\u00bb100%\u00a0\u00bb max_width=\u00a0\u00bb1208px\u00a0\u00bb filter_brightness=\u00a0\u00bb104%\u00a0\u00bb custom_css_main_element=\u00a0\u00bbdisplay:flex  !important;||flex-direction:row !important;||align-items:center !important;||justify-content:center !important;\u00a0\u00bb][et_pb_column type=\u00a0\u00bb4_4&Prime; _builder_version=\u00a0\u00bb3.27.4&Prime;][et_pb_gallery gallery_ids=\u00a0\u00bb707,725,704,728,723,709,712,706,702,721,716&Prime; posts_number=\u00a0\u00bb8&Prime; show_title_and_caption=\u00a0\u00bboff\u00a0\u00bb show_pagination=\u00a0\u00bboff\u00a0\u00bb _builder_version=\u00a0\u00bb4.0.6&Prime; caption_text_color=\u00a0\u00bb#f2f2f2&Prime; width=\u00a0\u00bb85%\u00a0\u00bb max_width=\u00a0\u00bb100%\u00a0\u00bb module_alignment=\u00a0\u00bbcenter\u00a0\u00bb custom_padding=\u00a0\u00bb||0px|||\u00a0\u00bb filter_brightness=\u00a0\u00bb80%\u00a0\u00bb hover_enabled=\u00a0\u00bb0&Prime; hover_icon=\u00a0\u00bb%%51%%\u00a0\u00bb zoom_icon_color=\u00a0\u00bb#b5b5b5&Prime; hover_overlay_color=\u00a0\u00bbrgba(0,0,0,0.61)\u00a0\u00bb][\/et_pb_gallery][\/et_pb_column][\/et_pb_row][et_pb_row _builder_version=\u00a0\u00bb4.0.6&Prime; min_height=\u00a0\u00bb526px\u00a0\u00bb custom_padding=\u00a0\u00bb0px|||||\u00a0\u00bb][et_pb_column type=\u00a0\u00bb4_4&Prime; _builder_version=\u00a0\u00bb4.0.6&Prime;][et_pb_text _builder_version=\u00a0\u00bb4.0.6&Prime; text_text_color=\u00a0\u00bb#e5e5e5&Prime; text_font_size=\u00a0\u00bb16px\u00a0\u00bb]<\/p>\n<p>\u00a0\u00bb Les Hors-Concours \u00ab\u00a0<\/p>\n<p>R\u00e9alisation d\u00e9but\u00e9e 1995\u00a0 &#8211;\u00a0\u00a0\u00a0 \u00c9dition 2012<\/p>\n<p>Installation qui proc\u00e8de d&rsquo;un inventaire syst\u00e9matique et obsessionnel.<\/p>\n<p>Elles sont une centaine de danseuses candidates \u00e0 un concours o\u00f9 elles sont toutes refus\u00e9es.<\/p>\n<p>Elles sont \u00e9pingl\u00e9es m\u00e9thodiquement par un jury impitoyable, avec quelques annotations assassines sous leur pr\u00e9nom.<\/p>\n<p>&#8211; Un livre-objet sous forme de carnet de notes \u00e9tablit un recensement des danseuses.<\/p>\n<p>Reproduction des dessins des sculptures \u00e0 l&rsquo;\u00e9chelle 1, encre de couleur mine de plomb,<\/p>\n<p>la jaquette est un pliage qui s&rsquo;ouvre sur la photo de toutes les \u00a0\u00bb Hors-Concours \u00ab\u00a0<\/p>\n<p>[\/et_pb_text][\/et_pb_column][\/et_pb_row][\/et_pb_section]<\/p>\n","protected":false},"excerpt":{"rendered":"<p>[et_pb_section fb_built=\u00a0\u00bb1&Prime; admin_label=\u00a0\u00bbsection\u00a0\u00bb _builder_version=\u00a0\u00bb4.0.6&Prime; use_background_color_gradient=\u00a0\u00bbon\u00a0\u00bb background_color_gradient_start=\u00a0\u00bbrgba(7,2,1,0.74)\u00a0\u00bb background_color_gradient_end=\u00a0\u00bbrgba(12,1,0,0.49)\u00a0\u00bb background_color_gradient_overlays_image=\u00a0\u00bbon\u00a0\u00bb background_image=\u00a0\u00bbhttp:\/\/johannehuysman.com\/wp-content\/uploads\/2019\/11\/Fatima-72Dpi.jpg\u00a0\u00bb background_position=\u00a0\u00bbcenter_left\u00a0\u00bb width=\u00a0\u00bb100%\u00a0\u00bb max_width=\u00a0\u00bb100%\u00a0\u00bb min_height=\u00a0\u00bb1000px\u00a0\u00bb height=\u00a0\u00bb1400px\u00a0\u00bb filter_contrast=\u00a0\u00bb129%\u00a0\u00bb custom_css_main_element=\u00a0\u00bbdisplay:flex;||flex-direction:column;\u00a0\u00bb][et_pb_row admin_label=\u00a0\u00bbrow\u00a0\u00bb _builder_version=\u00a0\u00bb4.0.6&Prime; background_size=\u00a0\u00bbinitial\u00a0\u00bb background_position=\u00a0\u00bbtop_left\u00a0\u00bb background_repeat=\u00a0\u00bbrepeat\u00a0\u00bb width=\u00a0\u00bb100%\u00a0\u00bb custom_margin=\u00a0\u00bb100px||||false|false\u00a0\u00bb][et_pb_column type=\u00a0\u00bb4_4&Prime; _builder_version=\u00a0\u00bb3.27.4&Prime;][et_pb_text _builder_version=\u00a0\u00bb4.0.6&Prime; text_font=\u00a0\u00bbRoboto|900|||||||\u00a0\u00bb text_text_color=\u00a0\u00bb#ffffff\u00a0\u00bb text_font_size=\u00a0\u00bb39px\u00a0\u00bb text_letter_spacing=\u00a0\u00bb12px\u00a0\u00bb] LES HORS-CONCOURS [\/et_pb_text][\/et_pb_column][\/et_pb_row][et_pb_row use_custom_gutter=\u00a0\u00bbon\u00a0\u00bb gutter_width=\u00a0\u00bb1&Prime; make_equal=\u00a0\u00bbon\u00a0\u00bb _builder_version=\u00a0\u00bb4.0.6&Prime; width=\u00a0\u00bb100%\u00a0\u00bb max_width=\u00a0\u00bb1208px\u00a0\u00bb filter_brightness=\u00a0\u00bb104%\u00a0\u00bb custom_css_main_element=\u00a0\u00bbdisplay:flex !important;||flex-direction:row !important;||align-items:center !important;||justify-content:center !important;\u00a0\u00bb][et_pb_column type=\u00a0\u00bb4_4&Prime; _builder_version=\u00a0\u00bb3.27.4&Prime;][et_pb_gallery gallery_ids=\u00a0\u00bb707,725,704,728,723,709,712,706,702,721,716&Prime; posts_number=\u00a0\u00bb8&Prime; show_title_and_caption=\u00a0\u00bboff\u00a0\u00bb show_pagination=\u00a0\u00bboff\u00a0\u00bb _builder_version=\u00a0\u00bb4.0.6&Prime; caption_text_color=\u00a0\u00bb#f2f2f2&Prime; width=\u00a0\u00bb85%\u00a0\u00bb max_width=\u00a0\u00bb100%\u00a0\u00bb [&hellip;]<\/p>\n","protected":false},"author":1,"featured_media":0,"parent":0,"menu_order":0,"comment_status":"closed","ping_status":"closed","template":"","meta":{"_et_pb_use_builder":"on","_et_pb_old_content":"","_et_gb_content_width":"","footnotes":""},"class_list":["post-155","page","type-page","status-publish","hentry"],"_links":{"self":[{"href":"https:\/\/johannehuysman.com\/index.php\/wp-json\/wp\/v2\/pages\/155","targetHints":{"allow":["GET"]}}],"collection":[{"href":"https:\/\/johannehuysman.com\/index.php\/wp-json\/wp\/v2\/pages"}],"about":[{"href":"https:\/\/johannehuysman.com\/index.php\/wp-json\/wp\/v2\/types\/page"}],"author":[{"embeddable":true,"href":"https:\/\/johannehuysman.com\/index.php\/wp-json\/wp\/v2\/users\/1"}],"replies":[{"embeddable":true,"href":"https:\/\/johannehuysman.com\/index.php\/wp-json\/wp\/v2\/comments?post=155"}],"version-history":[{"count":28,"href":"https:\/\/johannehuysman.com\/index.php\/wp-json\/wp\/v2\/pages\/155\/revisions"}],"predecessor-version":[{"id":2102,"href":"https:\/\/johannehuysman.com\/index.php\/wp-json\/wp\/v2\/pages\/155\/revisions\/2102"}],"wp:attachment":[{"href":"https:\/\/johannehuysman.com\/index.php\/wp-json\/wp\/v2\/media?parent=155"}],"curies":[{"name":"wp","href":"https:\/\/api.w.org\/{rel}","templated":true}]}}